{"id":11,"date":"2021-07-01T17:41:44","date_gmt":"2021-07-01T15:41:44","guid":{"rendered":"http:\/\/octopusband.be\/?page_id=11"},"modified":"2021-07-02T09:22:06","modified_gmt":"2021-07-02T07:22:06","slug":"contact","status":"publish","type":"page","link":"https:\/\/octopusband.be\/","title":{"rendered":"Qui sommes nous ?"},"content":{"rendered":"\n<p>Oct&rsquo;Opus est le Street Band de la Royale Harmonie de Jodoigne. <\/p>\n\n\n\n<p>Vous organisez une braderie, un barbecue, la f\u00eate du quartier ou du village ou tout autre \u00e9v\u00e9nement festif, Oct&rsquo;Opus vous l&rsquo;animera et vous l&rsquo;enflammera !<\/p>\n\n\n\n<p>Pour toute demande d&rsquo;information, prenez contact par mail ou par t\u00e9l\u00e9phone.<\/p>\n\n\n\n<p class=\"has-text-align-center\">info@octopusband.be<\/p>\n\n\n\n<p class=\"has-text-align-center\">0477 42 91 17 <\/p>\n\n\n\n<p>Pour avoir un aper\u00e7u de nos prestations, visitez notre page Facebook <\/p>\n\n\n\n<p class=\"has-text-align-center\"><a href=\"https:\/\/www.facebook.com\/OctOpus-Band-1116613308482441\">https:\/\/www.facebook.com\/OctOpus-Band-1116613308482441<\/a><\/p>\n","protected":false},"excerpt":{"rendered":"<p>Oct&rsquo;Opus est le Street Band de la Royale Harmonie de Jodoigne. Vous organisez une braderie, un barbecue, la f\u00eate du quartier ou du village ou tout autre \u00e9v\u00e9nement festif, Oct&rsquo;Opus vous l&rsquo;animera et vous l&rsquo;enflammera ! Pour toute demande d&rsquo;information, prenez contact par mail ou par t\u00e9l\u00e9phone. info@octopusband.be 0477 42 91 17 Pour avoir un &hellip; <\/p>\n<p class=\"link-more\"><a href=\"https:\/\/octopusband.be\/\" class=\"more-link\">Continuer la lecture<span class=\"screen-reader-text\"> de &laquo;&nbsp;Qui sommes nous ?&nbsp;&raquo;<\/span><\/a><\/p>\n","protected":false},"author":1,"featured_media":0,"parent":0,"menu_order":0,"comment_status":"closed","ping_status":"closed","template":"","meta":{"footnotes":""},"_links":{"self":[{"href":"https:\/\/octopusband.be\/index.php?rest_route=\/wp\/v2\/pages\/11"}],"collection":[{"href":"https:\/\/octopusband.be\/index.php?rest_route=\/wp\/v2\/pages"}],"about":[{"href":"https:\/\/octopusband.be\/index.php?rest_route=\/wp\/v2\/types\/page"}],"author":[{"embeddable":true,"href":"https:\/\/octopusband.be\/index.php?rest_route=\/wp\/v2\/users\/1"}],"replies":[{"embeddable":true,"href":"https:\/\/octopusband.be\/index.php?rest_route=%2Fwp%2Fv2%2Fcomments&post=11"}],"version-history":[{"count":4,"href":"https:\/\/octopusband.be\/index.php?rest_route=\/wp\/v2\/pages\/11\/revisions"}],"predecessor-version":[{"id":36,"href":"https:\/\/octopusband.be\/index.php?rest_route=\/wp\/v2\/pages\/11\/revisions\/36"}],"wp:attachment":[{"href":"https:\/\/octopusband.be\/index.php?rest_route=%2Fwp%2Fv2%2Fmedia&parent=11"}],"curies":[{"name":"wp","href":"https:\/\/api.w.org\/{rel}","templated":true}]}}